{"id":3365,"date":"2025-02-11T18:42:45","date_gmt":"2025-02-11T18:42:45","guid":{"rendered":"https:\/\/curta8.com.br\/?page_id=3365"},"modified":"2026-04-22T12:57:58","modified_gmt":"2026-04-22T12:57:58","slug":"inscricoes-2","status":"publish","type":"page","link":"https:\/\/curta8.com.br\/?page_id=3365","title":{"rendered":"Inscri\u00e7\u00f5es"},"content":{"rendered":"\t\t<div data-elementor-type=\"wp-page\" data-elementor-id=\"3365\" class=\"elementor elementor-3365\">\n\t\t\t\t\t\t<section class=\"elementor-section elementor-top-section elementor-element elementor-element-5e897b82 elementor-section-full_width elementor-section-height-default elementor-section-height-default\" data-id=\"5e897b82\" data-element_type=\"section\">\n\t\t\t\t\t\t<div class=\"elementor-container elementor-column-gap-default\">\n\t\t\t\t\t<div class=\"elementor-column elementor-col-100 elementor-top-column elementor-element elementor-element-6179e07b\" data-id=\"6179e07b\" data-element_type=\"column\">\n\t\t\t<div class=\"elementor-widget-wrap elementor-element-populated\">\n\t\t\t\t\t\t<section class=\"elementor-section elementor-inner-section elementor-element elementor-element-3bdd65a1 elementor-section-boxed elementor-section-height-default elementor-section-height-default\" data-id=\"3bdd65a1\" data-element_type=\"section\">\n\t\t\t\t\t\t<div class=\"elementor-container elementor-column-gap-default\">\n\t\t\t\t\t<div class=\"elementor-column elementor-col-100 elementor-inner-column elementor-element elementor-element-16890688\" data-id=\"16890688\" data-element_type=\"column\">\n\t\t\t<div class=\"elementor-widget-wrap elementor-element-populated\">\n\t\t\t\t\t\t<div class=\"elementor-element elementor-element-73a1c9c9 elementor-tabs-view-horizontal elementor-widget elementor-widget-tabs\" data-id=\"73a1c9c9\" data-element_type=\"widget\" id=\"ordem\" data-widget_type=\"tabs.default\">\n\t\t\t\t<div class=\"elementor-widget-container\">\n\t\t\t\t\t\t\t<div class=\"elementor-tabs\">\n\t\t\t<div class=\"elementor-tabs-wrapper\" role=\"tablist\" >\n\t\t\t\t\t\t\t\t\t<div id=\"elementor-tab-title-1931\" class=\"elementor-tab-title elementor-tab-desktop-title\" aria-selected=\"true\" data-tab=\"1\" role=\"tab\" tabindex=\"0\" aria-controls=\"elementor-tab-content-1931\" aria-expanded=\"false\"><img decoding=\"async\" src=\"https:\/\/curta8.com.br\/wp-content\/uploads\/2022\/08\/portugues.png\" \/><\/div>\n\t\t\t\t\t\t\t\t\t<div id=\"elementor-tab-title-1932\" class=\"elementor-tab-title elementor-tab-desktop-title\" aria-selected=\"false\" data-tab=\"2\" role=\"tab\" tabindex=\"-1\" aria-controls=\"elementor-tab-content-1932\" aria-expanded=\"false\"><img decoding=\"async\" src=\"https:\/\/curta8.com.br\/wp-content\/uploads\/2022\/08\/ingles.png\" \/><\/div>\n\t\t\t\t\t\t\t\t\t<div id=\"elementor-tab-title-1933\" class=\"elementor-tab-title elementor-tab-desktop-title\" aria-selected=\"false\" data-tab=\"3\" role=\"tab\" tabindex=\"-1\" aria-controls=\"elementor-tab-content-1933\" aria-expanded=\"false\"><img decoding=\"async\" src=\"https:\/\/curta8.com.br\/wp-content\/uploads\/2022\/08\/espanhol.png\" \/><\/div>\n\t\t\t\t\t\t\t<\/div>\n\t\t\t<div class=\"elementor-tabs-content-wrapper\" role=\"tablist\" aria-orientation=\"vertical\">\n\t\t\t\t\t\t\t\t\t<div class=\"elementor-tab-title elementor-tab-mobile-title\" aria-selected=\"true\" data-tab=\"1\" role=\"tab\" tabindex=\"0\" aria-controls=\"elementor-tab-content-1931\" aria-expanded=\"false\"><img decoding=\"async\" src=\"https:\/\/curta8.com.br\/wp-content\/uploads\/2022\/08\/portugues.png\" \/><\/div>\n\t\t\t\t\t<div id=\"elementor-tab-content-1931\" class=\"elementor-tab-content elementor-clearfix\" data-tab=\"1\" role=\"tabpanel\" aria-labelledby=\"elementor-tab-title-1931\" tabindex=\"0\" hidden=\"false\"><h1 style=\"font-size: 45px; line-height: 53px; font-weight: 800; color: black;\">Inscri\u00e7\u00f5es<\/h1><p>Selecione a categoria que deseja se inscrever e preencha o formul\u00e1rio.<\/p><ul><li><b><a href=\"https:\/\/forms.gle\/fafHcvDxa6TMBLeg9\">INSCRI\u00c7\u00c3O DE FILMES<\/a><\/b><\/li><li><b><a href=\"https:\/\/forms.gle\/hX2yZ2nfD81UXs6r7\">INSCRI\u00c7\u00c3O PARA A OFICINA<\/a><\/b>\u00a0<\/li><\/ul><\/div>\n\t\t\t\t\t\t\t\t\t<div class=\"elementor-tab-title elementor-tab-mobile-title\" aria-selected=\"false\" data-tab=\"2\" role=\"tab\" tabindex=\"-1\" aria-controls=\"elementor-tab-content-1932\" aria-expanded=\"false\"><img decoding=\"async\" src=\"https:\/\/curta8.com.br\/wp-content\/uploads\/2022\/08\/ingles.png\" \/><\/div>\n\t\t\t\t\t<div id=\"elementor-tab-content-1932\" class=\"elementor-tab-content elementor-clearfix\" data-tab=\"2\" role=\"tabpanel\" aria-labelledby=\"elementor-tab-title-1932\" tabindex=\"0\" hidden=\"hidden\"><h1 style=\"font-size: 45px; line-height: 53px; font-weight: 800; color: black;\">Entry<\/h1><p>Select the category you want to sign up for and complete the form.<\/p><ul style=\"font-size: 18px; font-style: normal; font-weight: 400;\"><li style=\"font-size: 18px;\"><a href=\"https:\/\/docs.google.com\/forms\/d\/e\/1FAIpQLSfG3G4-DCqqjXq6w93njejLYW8YQ3szy8UFMbWpJLocklO3Cg\/viewform\" target=\"_blank\" rel=\"noopener\"><span style=\"font-weight: bold;\">FILM REGISTRATION<\/span><\/a><\/li><li style=\"font-size: 18px;\"><a href=\"https:\/\/forms.gle\/hX2yZ2nfD81UXs6r7\"><span style=\"font-weight: bold;\">WORKSHOP REGISTRATION\u00a0<\/span><\/a><\/li><\/ul><\/div>\n\t\t\t\t\t\t\t\t\t<div class=\"elementor-tab-title elementor-tab-mobile-title\" aria-selected=\"false\" data-tab=\"3\" role=\"tab\" tabindex=\"-1\" aria-controls=\"elementor-tab-content-1933\" aria-expanded=\"false\"><img decoding=\"async\" src=\"https:\/\/curta8.com.br\/wp-content\/uploads\/2022\/08\/espanhol.png\" \/><\/div>\n\t\t\t\t\t<div id=\"elementor-tab-content-1933\" class=\"elementor-tab-content elementor-clearfix\" data-tab=\"3\" role=\"tabpanel\" aria-labelledby=\"elementor-tab-title-1933\" tabindex=\"0\" hidden=\"hidden\"><h1 style=\"font-size: 45px; line-height: 53px; font-weight: 800; color: black;\">Inscripci\u00f3n<\/h1><p>Seleccione la categor\u00eda que desea inscribirse y completar el formulario.<\/p><ul style=\"font-size: 18px; font-style: normal; font-weight: 400;\"><li style=\"font-size: 18px;\"><a href=\"https:\/\/forms.gle\/fafHcvDxa6TMBLeg9\" target=\"_blank\" rel=\"noopener\"><span style=\"font-weight: bold;\">REGISTRO DE PEL\u00cdCULAS<\/span><\/a><\/li><li style=\"font-size: 18px;\"><a href=\"https:\/\/forms.gle\/hX2yZ2nfD81UXs6r7\"><span style=\"font-weight: bold;\">REGISTRO EN EL TALLER\u00a0<\/span><\/a><\/li><\/ul><\/div>\n\t\t\t\t\t\t\t<\/div>\n\t\t<\/div>\n\t\t\t\t\t\t<\/div>\n\t\t\t\t<\/div>\n\t\t\t\t<div class=\"elementor-element elementor-element-2317fcf4 elementor-hidden-desktop elementor-hidden-tablet elementor-hidden-mobile elementor-button-align-stretch elementor-widget elementor-widget-form\" data-id=\"2317fcf4\" data-element_type=\"widget\" data-settings=\"{&quot;button_width&quot;:&quot;20&quot;,&quot;step_next_label&quot;:&quot;Pr\\u00f3ximo&quot;,&quot;step_previous_label&quot;:&quot;Anterior&quot;,&quot;step_type&quot;:&quot;number_text&quot;,&quot;step_icon_shape&quot;:&quot;circle&quot;}\" data-widget_type=\"form.default\">\n\t\t\t\t<div class=\"elementor-widget-container\">\n\t\t\t\t\t\t\t<form class=\"elementor-form\" method=\"post\" name=\"Novo formul\u00e1rio\">\n\t\t\t<input type=\"hidden\" name=\"post_id\" value=\"3365\"\/>\n\t\t\t<input type=\"hidden\" name=\"form_id\" value=\"2317fcf4\"\/>\n\t\t\t<input type=\"hidden\" name=\"referer_title\" value=\"\" \/>\n\n\t\t\t\n\t\t\t<div class=\"elementor-form-fields-wrapper elementor-labels-above\">\n\t\t\t\t\t\t\t\t<div class=\"elementor-field-type-text elementor-field-group elementor-column elementor-field-group-name elementor-col-100 elementor-field-required\">\n\t\t\t\t\t\t\t\t\t\t\t\t<label for=\"form-field-name\" class=\"elementor-field-label\">\n\t\t\t\t\t\t\t\tNome \/ Name \/ Nombre\t\t\t\t\t\t\t<\/label>\n\t\t\t\t\t\t\t\t\t\t\t\t\t\t<input size=\"1\" type=\"text\" name=\"form_fields[name]\" id=\"form-field-name\" class=\"elementor-field elementor-size-sm  elementor-field-textual\" required=\"required\" aria-required=\"true\">\n\t\t\t\t\t\t\t\t\t\t\t<\/div>\n\t\t\t\t\t\t\t\t<div class=\"elementor-field-type-text elementor-field-group elementor-column elementor-field-group-field_58c7836 elementor-col-100 elementor-field-required\">\n\t\t\t\t\t\t\t\t\t\t\t\t<label for=\"form-field-field_58c7836\" class=\"elementor-field-label\">\n\t\t\t\t\t\t\t\tTelefone \/ Phone \/ Telephone\t\t\t\t\t\t\t<\/label>\n\t\t\t\t\t\t\t\t\t\t\t\t\t\t<input size=\"1\" type=\"text\" name=\"form_fields[field_58c7836]\" id=\"form-field-field_58c7836\" class=\"elementor-field elementor-size-sm  elementor-field-textual\" required=\"required\" aria-required=\"true\">\n\t\t\t\t\t\t\t\t\t\t\t<\/div>\n\t\t\t\t\t\t\t\t<div class=\"elementor-field-type-email elementor-field-group elementor-column elementor-field-group-email elementor-col-100 elementor-field-required\">\n\t\t\t\t\t\t\t\t\t\t\t\t<label for=\"form-field-email\" class=\"elementor-field-label\">\n\t\t\t\t\t\t\t\tE-mail\t\t\t\t\t\t\t<\/label>\n\t\t\t\t\t\t\t\t\t\t\t\t\t\t<input size=\"1\" type=\"email\" name=\"form_fields[email]\" id=\"form-field-email\" class=\"elementor-field elementor-size-sm  elementor-field-textual\" required=\"required\" aria-required=\"true\">\n\t\t\t\t\t\t\t\t\t\t\t<\/div>\n\t\t\t\t\t\t\t\t<div class=\"elementor-field-type-select elementor-field-group elementor-column elementor-field-group-field_977395f elementor-col-100 elementor-field-required\">\n\t\t\t\t\t\t\t\t\t\t\t\t<label for=\"form-field-field_977395f\" class=\"elementor-field-label\">\n\t\t\t\t\t\t\t\tCategoria \/ Category \/ Categor\u00eda \t\t\t\t\t\t\t<\/label>\n\t\t\t\t\t\t\t\t<div class=\"elementor-field elementor-select-wrapper remove-before \">\n\t\t\t<div class=\"select-caret-down-wrapper\">\n\t\t\t\t<i aria-hidden=\"true\" class=\"eicon-caret-down\"><\/i>\t\t\t<\/div>\n\t\t\t<select name=\"form_fields[field_977395f]\" id=\"form-field-field_977395f\" class=\"elementor-field-textual elementor-size-sm\" required=\"required\" aria-required=\"true\">\n\t\t\t\t\t\t\t\t\t<option value=\"Selecione \/ Select \/ Seleccione\">Selecione \/ Select \/ Seleccione<\/option>\n\t\t\t\t\t\t\t\t\t<option value=\"Super 8 \u2013 Tomada \u00danica (Oficina) \/ Single Take (Workshop) \/ Toma \u00fanica (Taller) \">Super 8 \u2013 Tomada \u00danica (Oficina) \/ Single Take (Workshop) \/ Toma \u00fanica (Taller) <\/option>\n\t\t\t\t\t\t\t\t\t<option value=\"Super 8 \u2013 Tomada \u00danica (Independente) \/ Single Take (Independent) \/ Toma \u00fanica (Independiente)\">Super 8 \u2013 Tomada \u00danica (Independente) \/ Single Take (Independent) \/ Toma \u00fanica (Independiente)<\/option>\n\t\t\t\t\t\t\t\t\t<option value=\"Super 8 \u2013 Finalizado em Digital \/ Finalized in Digital \/ Finalizado en Digital \">Super 8 \u2013 Finalizado em Digital \/ Finalized in Digital \/ Finalizado en Digital <\/option>\n\t\t\t\t\t\t\t\t\t<option value=\"Super 8 \u2013 Finalizado em Pel\u00edcula \/ Finalized in Pellicle \/ Finalizado en Pelicula\">Super 8 \u2013 Finalizado em Pel\u00edcula \/ Finalized in Pellicle \/ Finalizado en Pelicula<\/option>\n\t\t\t\t\t\t\t\t\t<option value=\"\"><\/option>\n\t\t\t\t\t\t\t<\/select>\n\t\t<\/div>\n\t\t\t\t\t\t<\/div>\n\t\t\t\t\t\t\t\t<div class=\"elementor-field-type-text elementor-field-group elementor-column elementor-field-group-field_0c90017 elementor-col-100 elementor-field-required\">\n\t\t\t\t\t\t\t\t\t\t\t\t<label for=\"form-field-field_0c90017\" class=\"elementor-field-label\">\n\t\t\t\t\t\t\t\tNome do Filme \/ Movie Name \/ Nombre de la Pel\u00edcula\t\t\t\t\t\t\t<\/label>\n\t\t\t\t\t\t\t\t\t\t\t\t\t\t<input size=\"1\" type=\"text\" name=\"form_fields[field_0c90017]\" id=\"form-field-field_0c90017\" class=\"elementor-field elementor-size-sm  elementor-field-textual\" required=\"required\" aria-required=\"true\">\n\t\t\t\t\t\t\t\t\t\t\t<\/div>\n\t\t\t\t\t\t\t\t<div class=\"elementor-field-type-url elementor-field-group elementor-column elementor-field-group-field_f05e616 elementor-col-100 elementor-field-required\">\n\t\t\t\t\t\t\t\t\t\t\t\t<label for=\"form-field-field_f05e616\" class=\"elementor-field-label\">\n\t\t\t\t\t\t\t\tLink para o Filme \/ Link to the Movie \/ Link a la Pel\u00edcula\t\t\t\t\t\t\t<\/label>\n\t\t\t\t\t\t\t\t\t\t\t\t\t\t<input size=\"1\" type=\"url\" name=\"form_fields[field_f05e616]\" id=\"form-field-field_f05e616\" class=\"elementor-field elementor-size-sm  elementor-field-textual\" required=\"required\" aria-required=\"true\">\n\t\t\t\t\t\t\t\t\t\t\t<\/div>\n\t\t\t\t\t\t\t\t<div class=\"elementor-field-type-textarea elementor-field-group elementor-column elementor-field-group-field_b8c1b1d elementor-col-100 elementor-field-required\">\n\t\t\t\t\t\t\t\t\t\t\t\t<label for=\"form-field-field_b8c1b1d\" class=\"elementor-field-label\">\n\t\t\t\t\t\t\t\tSinopse \/ Sinopsis \/ Synopsis\t\t\t\t\t\t\t<\/label>\n\t\t\t\t\t\t<textarea class=\"elementor-field-textual elementor-field  elementor-size-sm\" name=\"form_fields[field_b8c1b1d]\" id=\"form-field-field_b8c1b1d\" rows=\"4\" placeholder=\"At\u00e9 200 palavras \/ Up to 200 words \/ Hasta 200 palabras\" required=\"required\" aria-required=\"true\"><\/textarea>\t\t\t\t<\/div>\n\t\t\t\t\t\t\t\t<div class=\"elementor-field-type-textarea elementor-field-group elementor-column elementor-field-group-field_bd08a41 elementor-col-100 elementor-field-required\">\n\t\t\t\t\t\t\t\t\t\t\t\t<label for=\"form-field-field_bd08a41\" class=\"elementor-field-label\">\n\t\t\t\t\t\t\t\tMini Curriculum\t\t\t\t\t\t\t<\/label>\n\t\t\t\t\t\t<textarea class=\"elementor-field-textual elementor-field  elementor-size-sm\" name=\"form_fields[field_bd08a41]\" id=\"form-field-field_bd08a41\" rows=\"4\" placeholder=\"At\u00e9 200 palavras \/ Up to 200 words \/ Hasta 200 palabras\" required=\"required\" aria-required=\"true\"><\/textarea>\t\t\t\t<\/div>\n\t\t\t\t\t\t\t\t<div class=\"elementor-field-group elementor-column elementor-field-type-submit elementor-col-20 e-form__buttons\">\n\t\t\t\t\t<button type=\"submit\" class=\"elementor-button elementor-size-sm\">\n\t\t\t\t\t\t<span >\n\t\t\t\t\t\t\t\t\t\t\t\t\t\t\t<span class=\" elementor-button-icon\">\n\t\t\t\t\t\t\t\t\t\t\t\t\t\t\t\t\t\t\t\t\t\t\t\t\t\t<\/span>\n\t\t\t\t\t\t\t\t\t\t\t\t\t\t\t\t\t\t\t\t\t\t<span class=\"elementor-button-text\">Enviar \/ Send<\/span>\n\t\t\t\t\t\t\t\t\t\t\t\t\t<\/span>\n\t\t\t\t\t<\/button>\n\t\t\t\t<\/div>\n\t\t\t<\/div>\n\t\t<\/form>\n\t\t\t\t\t\t<\/div>\n\t\t\t\t<\/div>\n\t\t\t\t\t<\/div>\n\t\t<\/div>\n\t\t\t\t\t<\/div>\n\t\t<\/section>\n\t\t\t\t\t<\/div>\n\t\t<\/div>\n\t\t\t\t\t<\/div>\n\t\t<\/section>\n\t\t\t\t<\/div>\n\t\t","protected":false},"excerpt":{"rendered":"<p>Inscri\u00e7\u00f5es Selecione a categoria que deseja se inscrever e preencha o formul\u00e1rio. INSCRI\u00c7\u00c3O DE FILMES INSCRI\u00c7\u00c3O PARA A OFICINA\u00a0 Entry Select the category you want to sign up for and complete the form. FILM REGISTRATION WORKSHOP REGISTRATION\u00a0 Inscripci\u00f3n Seleccione la categor\u00eda que desea inscribirse y completar el formulario. REGISTRO DE PEL\u00cdCULAS REGISTRO EN EL TALLER\u00a0<\/p>\n","protected":false},"author":2,"featured_media":0,"parent":0,"menu_order":0,"comment_status":"closed","ping_status":"closed","template":"","meta":{"footnotes":""},"class_list":["post-3365","page","type-page","status-publish","hentry"],"_links":{"self":[{"href":"https:\/\/curta8.com.br\/index.php?rest_route=\/wp\/v2\/pages\/3365","targetHints":{"allow":["GET"]}}],"collection":[{"href":"https:\/\/curta8.com.br\/index.php?rest_route=\/wp\/v2\/pages"}],"about":[{"href":"https:\/\/curta8.com.br\/index.php?rest_route=\/wp\/v2\/types\/page"}],"author":[{"embeddable":true,"href":"https:\/\/curta8.com.br\/index.php?rest_route=\/wp\/v2\/users\/2"}],"replies":[{"embeddable":true,"href":"https:\/\/curta8.com.br\/index.php?rest_route=%2Fwp%2Fv2%2Fcomments&post=3365"}],"version-history":[{"count":24,"href":"https:\/\/curta8.com.br\/index.php?rest_route=\/wp\/v2\/pages\/3365\/revisions"}],"predecessor-version":[{"id":4222,"href":"https:\/\/curta8.com.br\/index.php?rest_route=\/wp\/v2\/pages\/3365\/revisions\/4222"}],"wp:attachment":[{"href":"https:\/\/curta8.com.br\/index.php?rest_route=%2Fwp%2Fv2%2Fmedia&parent=3365"}],"curies":[{"name":"wp","href":"https:\/\/api.w.org\/{rel}","templated":true}]}}