{"id":3368,"date":"2025-02-11T18:42:45","date_gmt":"2025-02-11T18:42:45","guid":{"rendered":"https:\/\/curta8.com.br\/?page_id=3368"},"modified":"2025-09-19T19:25:44","modified_gmt":"2025-09-19T19:25:44","slug":"filmando-em-s8","status":"publish","type":"page","link":"https:\/\/curta8.com.br\/?page_id=3368","title":{"rendered":"Filmando em S8"},"content":{"rendered":"\t\t<div data-elementor-type=\"wp-page\" data-elementor-id=\"3368\" class=\"elementor elementor-3368\">\n\t\t\t\t\t\t<section class=\"elementor-section elementor-top-section elementor-element elementor-element-45f81dfc elementor-section-full_width elementor-section-height-default elementor-section-height-default\" data-id=\"45f81dfc\" data-element_type=\"section\">\n\t\t\t\t\t\t<div class=\"elementor-container elementor-column-gap-default\">\n\t\t\t\t\t<div class=\"elementor-column elementor-col-100 elementor-top-column elementor-element elementor-element-4984335c\" data-id=\"4984335c\" data-element_type=\"column\">\n\t\t\t<div class=\"elementor-widget-wrap elementor-element-populated\">\n\t\t\t\t\t\t<section class=\"elementor-section elementor-inner-section elementor-element elementor-element-62c1870e elementor-section-boxed elementor-section-height-default elementor-section-height-default\" data-id=\"62c1870e\" data-element_type=\"section\">\n\t\t\t\t\t\t<div class=\"elementor-container elementor-column-gap-default\">\n\t\t\t\t\t<div class=\"elementor-column elementor-col-100 elementor-inner-column elementor-element elementor-element-62c919aa\" data-id=\"62c919aa\" data-element_type=\"column\">\n\t\t\t<div class=\"elementor-widget-wrap elementor-element-populated\">\n\t\t\t\t\t\t<div class=\"elementor-element elementor-element-718dc742 elementor-tabs-view-horizontal elementor-widget elementor-widget-tabs\" data-id=\"718dc742\" data-element_type=\"widget\" id=\"ordem\" data-widget_type=\"tabs.default\">\n\t\t\t\t<div class=\"elementor-widget-container\">\n\t\t\t\t\t\t\t<div class=\"elementor-tabs\">\n\t\t\t<div class=\"elementor-tabs-wrapper\" role=\"tablist\" >\n\t\t\t\t\t\t\t\t\t<div id=\"elementor-tab-title-1901\" class=\"elementor-tab-title elementor-tab-desktop-title\" aria-selected=\"true\" data-tab=\"1\" role=\"tab\" tabindex=\"0\" aria-controls=\"elementor-tab-content-1901\" aria-expanded=\"false\"><img decoding=\"async\" src=\"https:\/\/curta8.com.br\/wp-content\/uploads\/2022\/08\/portugues.png\" \/><\/div>\n\t\t\t\t\t\t\t\t\t<div id=\"elementor-tab-title-1902\" class=\"elementor-tab-title elementor-tab-desktop-title\" aria-selected=\"false\" data-tab=\"2\" role=\"tab\" tabindex=\"-1\" aria-controls=\"elementor-tab-content-1902\" aria-expanded=\"false\"><img decoding=\"async\" src=\"https:\/\/curta8.com.br\/wp-content\/uploads\/2022\/08\/ingles.png\" \/><\/div>\n\t\t\t\t\t\t\t\t\t<div id=\"elementor-tab-title-1903\" class=\"elementor-tab-title elementor-tab-desktop-title\" aria-selected=\"false\" data-tab=\"3\" role=\"tab\" tabindex=\"-1\" aria-controls=\"elementor-tab-content-1903\" aria-expanded=\"false\"><img decoding=\"async\" src=\"https:\/\/curta8.com.br\/wp-content\/uploads\/2022\/08\/espanhol.png\" \/><\/div>\n\t\t\t\t\t\t\t<\/div>\n\t\t\t<div class=\"elementor-tabs-content-wrapper\" role=\"tablist\" aria-orientation=\"vertical\">\n\t\t\t\t\t\t\t\t\t<div class=\"elementor-tab-title elementor-tab-mobile-title\" aria-selected=\"true\" data-tab=\"1\" role=\"tab\" tabindex=\"0\" aria-controls=\"elementor-tab-content-1901\" aria-expanded=\"false\"><img decoding=\"async\" src=\"https:\/\/curta8.com.br\/wp-content\/uploads\/2022\/08\/portugues.png\" \/><\/div>\n\t\t\t\t\t<div id=\"elementor-tab-content-1901\" class=\"elementor-tab-content elementor-clearfix\" data-tab=\"1\" role=\"tabpanel\" aria-labelledby=\"elementor-tab-title-1901\" tabindex=\"0\" hidden=\"false\"><h1 style=\"font-size: 45px; line-height: 40px; font-weight: 800; color: black;\">Filmando em<br>\nSuper-8<\/h1>\n<p><strong><br>Alguns cuidados que se deve ter quando filmar em super-8<\/strong><\/p>\n<p>Procure saber se a c\u00e2mera est\u00e1 em boas condi\u00e7\u00f5es de uso, se n\u00e3o tem fungo nas lentes e se o motor roda e consegue puxar o filme.<\/p>\n<p>Um teste bastante simples \u00e9 apontar a c\u00e2mera para uma fonte luminosa e acionar o motor. Observando atrav\u00e9s da janela por onde passa o filme \u00e9 poss\u00edvel ver a claridade a medida que o obturador estiver abrindo e fechando rapidamente.<\/p>\n<p>Muitos modelos de c\u00e2meras possuem fot\u00f4metro autom\u00e1tico, mas \u00e9 preciso ter cuidado para saber se a exposi\u00e7\u00e3o autom\u00e1tica est\u00e1 funcionando adequadamente. Certifique-se que a exposi\u00e7\u00e3o autom\u00e1tica faz o ajuste do diafragma correspondente \u00e0 sensibilidade ASA do filme que estiver usando, pois muitas c\u00e2meras s\u00f3 aceitam duas sensibilidades que n\u00e3o est\u00e3o mais dispon\u00edveis no mercado: os filmes 40 ASA e 160 ASA.<\/p>\n<p>Antes de carregar o filme na c\u00e2mera \u00e9 recomend\u00e1vel dar algumas batidas no cartucho contra a palma da m\u00e3o e tentar girar o filme para evitar que esteja travado.<\/p>\n<p>Preste aten\u00e7\u00e3o no ASA do filme escolhido. As op\u00e7\u00f5es aceitas pelo \u201cCurta 8\u201d para a competitiva de Tomada \u00danica s\u00e3o: o filme preto e branco Kodak Tri-x que possui 200ASA em luz do dia e 80 ASA se utilizado com ilumina\u00e7\u00e3o de tungst\u00eanio. J\u00e1 o filme colorido \u00e9 o Kodak Ektachrome 100D que possui 100ASA em luz do dia, mas se for utilizar luz de tungst\u00eanio requer uso de um filtro de convers\u00e3o N\u00ba80, o que baixa a sensibilidade para 25ASA. Se preferir n\u00e3o utilizar o filtro as cores do filme ser\u00e3o distorcidas deixando a imagem avermelhada. Muitas c\u00e2meras possuem um filtro amarelo n\u00ba85, para convers\u00e3o de cor em filmes tipo tungst\u00eanio quando exposto a luz do dia. Certifique-se que o filtro n\u00e3o esteja acionado a menos que queira utiliz\u00e1-lo.<\/p>\n<p>\u00c9 importante lembrar que ao utilizar um filme super-8 positivo, este tem uma latitude bastante reduzida, ou seja, a quantidade de tons entre o branco absoluto e preto absoluto n\u00e3o \u00e9 maior que cinco stops. Deve-se trabalhar com uma margem de erro usando n\u00e3o mais que 1,5 stop para mais ou para menos ao trabalhar com sombras ou buscar contraste. Quando o cartucho terminar deve aparecer uma ponta com a palavra \u201cExposed\u201d.<\/p>\n<p><strong>Fazendo um tomada \u00fanica<\/strong><\/p>\n<p>O filme tomada \u00fanica precisa ser filmado em um \u00fanico cartucho, para isso os cortes, se houverem, precisam ser feitos no gatilho da c\u00e2mera, ou seja, sem edi\u00e7\u00e3o posterior. Alguns modelos de c\u00e2mera permitem fazer transi\u00e7\u00f5es, mas a maioria n\u00e3o tem essa possibilidade. Tamb\u00e9m \u00e9 poss\u00edvel realizar o filme em plano-sequ\u00eancia. Algumas c\u00e2meras ainda permitem a execu\u00e7\u00e3o quadro-a-quadro \u2013 o que possibilita produzir anima\u00e7\u00f5es em stop-motion.<\/p>\n<p>Preste aten\u00e7\u00e3o na dura\u00e7\u00e3o do filme. O cartucho de super-8 possui 50 p\u00e9s (15 m) isso permite filmar 3 minutos e 15 segundos \u201caproximadamente\u201d se a velocidade da c\u00e2mera estiver ajustada para 18 fps (frames por segundo), que corresponde a menor velocidade do super-8. A 24 fps o tempo filmado \u00e9 de mais ou menos 2 minutos e 40 segundos. Uma op\u00e7\u00e3o pode ser filmar em velocidades maiores para depois ser projetado a 18fps, o que resultar\u00e1 em uma c\u00e2mera lenta.<\/p>\n<p>O realizador deve sempre conferir com muito cuidado a ilumina\u00e7\u00e3o e os ajustes de abertura e foco. D\u00ea prefer\u00eancia para fazer o foco utilizando uma trena, ou procure se informar sobre como ajustar corretamente a dioptria do visor. Tamb\u00e9m \u00e9 aconselhavel medir a luz com um fot\u00f4metro manual \u2013 uma alternativa para isso \u00e9 usar uma c\u00e2mera fotogr\u00e1fica com fot\u00f4metro embutido; se estiver na d\u00favida sobre a exposi\u00e7\u00e3o \u00e9 prefer\u00edvel abrir mais o diafragma ou aumentar um pouco a luz do que deixar sub-exposto. Para realizadores com pouca experi\u00eancia com super-8, recomenda-se gravar o filme com loca\u00e7\u00f5es externas, a luz do dia.<\/p>\n<p>Um bom conselho para a produ\u00e7\u00e3o da trilha sonora, sem saber o resultado final do filme, \u00e9 utilizar uma filmadora digital paralelamente \u00e0s filmagens com a c\u00e2mera de super-8. Filme com sobras iniciais e finais em cada plano da digital, pois assim \u00e9 poss\u00edvel ouvir o som do motor da c\u00e2mera de super-8 quando estiver rodando, permitindo-se saber exatamente quanto tempo tem cada cena que fizer na pel\u00edcula para que possa pensar com cuidado na composi\u00e7\u00e3o da trilha sonora. \u00c9 poss\u00edvel planejar os di\u00e1logos, se houver, a fim de sequenciar as dublagens que poder\u00e3o ser executadas ao vivo durante o festival, dando vida ao filme diante dos olhos do p\u00fablico. Os que preferirem podem simplesmente montar uma trilha musical que ser\u00e1 executada em um CD player, tocado junto ao in\u00edcio da primeira cena.<\/p><\/div>\n\t\t\t\t\t\t\t\t\t<div class=\"elementor-tab-title elementor-tab-mobile-title\" aria-selected=\"false\" data-tab=\"2\" role=\"tab\" tabindex=\"-1\" aria-controls=\"elementor-tab-content-1902\" aria-expanded=\"false\"><img decoding=\"async\" src=\"https:\/\/curta8.com.br\/wp-content\/uploads\/2022\/08\/ingles.png\" \/><\/div>\n\t\t\t\t\t<div id=\"elementor-tab-content-1902\" class=\"elementor-tab-content elementor-clearfix\" data-tab=\"2\" role=\"tabpanel\" aria-labelledby=\"elementor-tab-title-1902\" tabindex=\"0\" hidden=\"hidden\"><h1 style=\"font-size: 45px; line-height: 40px; font-weight: 800; color: black;\">Shooting<br>\nSuper-8<\/h1>\n<p><strong><br>\nA few things you should have in mind while shooting in super-8<\/strong><\/p>\n<p>Your camera should be in good working conditions. There should be no fungus attached to the lens. The engine must be running properly in order to pull the film.<\/p>\n<p>A quite simple test consists of pointing your camera towards a light source and setting the engine running. Watching through the peephole through which the film can be seen it is possible to observe the luminosity as the shutter quickly opens and closes.<\/p>\n<p>Many models of cameras have automatic photometers, but you should notice whether the automatic exposure is functioning properly. Make sure that the automatic exposure adjusts the diaphragm connected to ASA sensitivity of the film that you are employing, since many cameras will only work with two levels of sensitivity that are no longer available in the market: 40 ASA and 160 ASA films.<\/p>\n<p>Before loading the film in the camera it is recommended that you give the cartridge a few taps with the palm of your hand and try to turn the movie so as to make sure it is locked.<\/p>\n<p>Pay attention to the chosen film\u2019s ASA. The options accepted for the Single Take competition by the Short 8 are: the B&amp;W film Kodak Tri-x, which provides 200ASA in the light of day and 80 ASA when used along tungsten illumination, and, as for the color film, Kodak Ektachrome 100D, which provides 100ASA in the light of day, but requires a conversion filter no. 80 when used along tungsten lighting, which will lower the sensibility to 25ASA. If you prefer not to use the filter, the colors will get distorted and the image will acquire a reddish tonality. Many cameras have a yellow filter no. 85, which will convert the color in tungsten-type films when they get exposed to the light of day. Make sure that the filter is not activated unless you want to use it.<\/p>\n<p>It is important to remember that upon using a positive super 8 film it will have a quite reduced latitude \u2013 that is, the amount of color tones between the absolute white and the absolute dark is not bigger than five stops. You must then work with an error margin of no more than 1,5 stops up or down the scale when working and shadows or looking for contrast. Whenever the cartridge gets to its end there should appear a tip with the word \u201cexposed\u201d written on it.<\/p>\n<p><strong>Making a Single Take Film <\/strong><\/p>\n<p>The single take movie needs to be shot in one cartridge only. In order to do that the cuts, if there be any, need to be done upon the trigger of the camera itself \u2013 that is, there\u2019s no posterior editing. A few models of camera allow the director to make transitions between takes, but most of them do not offer that possibility. It is possible to make a movie in a single long take. Finally, a few cameras allow a frame-to-frame execution \u2013 which makes it possible to produce animated movies in stop-motion technique.<\/p>\n<p>Pay attention to the length of the film. The super 8 cartridge has 50 feet (15 m), which allows shooting approximately 3 minutes and 15 seconds if the velocity of the camera is set to 18 fps (frames per second). This value corresponds to the slowest possible speed of super-8. At 24 fps you can shoot approximately 2 minutes and 40 seconds. To shoot in greater velocities and then screen in a rate of 18fps will cause a slow motion effect to be produced, which may be a valid option.<\/p>\n<p>The director must always check very carefully the lighting and settings of the opening and focus. Try to adjust the focus by using a measuring tape, or else try to find information on how to correctly adjust the visor dioptry. It is also recommendable to measure light with a manual photometer \u2013 you can do that by using a photographic camera that possesses a photometer. If you are in doubt about the exposure, I\u2019ll say that opening the diaphragm further or increasing light is preferable to letting the film get sub-exposed. For directors with little experience with super-8, it is recommendable to shoot the movie in external locations, and by daylight.<\/p>\n<p>A good advice for the production of the soundtrack without knowing the final result of the shooting is to use a digital camera during the recording process alongside the super-8 camera. Shoot it leaving additional room in the beginning and end of each scene, so that by listening to the camera engine sounds it will be possible to know exactly how long each scene will have on the film, making it easier to think about the composing process of the soundtrack. It is possible to plan the dialogues, if there be any, in order to outsketch the lip synch to be done live during the festival, making the movie look livelier to the eyes of the audience. However, those who will prefer to do otherwise may simply compose a soundtrack to be played from a CD, beginning at the beginning of the first scene.<\/p><\/div>\n\t\t\t\t\t\t\t\t\t<div class=\"elementor-tab-title elementor-tab-mobile-title\" aria-selected=\"false\" data-tab=\"3\" role=\"tab\" tabindex=\"-1\" aria-controls=\"elementor-tab-content-1903\" aria-expanded=\"false\"><img decoding=\"async\" src=\"https:\/\/curta8.com.br\/wp-content\/uploads\/2022\/08\/espanhol.png\" \/><\/div>\n\t\t\t\t\t<div id=\"elementor-tab-content-1903\" class=\"elementor-tab-content elementor-clearfix\" data-tab=\"3\" role=\"tabpanel\" aria-labelledby=\"elementor-tab-title-1903\" tabindex=\"0\" hidden=\"hidden\"><h1 style=\"font-size: 45px; line-height: 40px; font-weight: 800; color: black;\">Filmaci\u00f3n en<br>\nSuper-8<\/h1>\n<p><strong><br>\nAlgunos cuidados que uno debe tener cuando filma en super-8<\/strong><\/p>\n<p>Procura saber si la c\u00e1mara est\u00e1 en buenas condiciones de uso, si no tiene hongos en las lentes y si el motor rueda y puede tirar la pel\u00edcula.<\/p>\n<p>Una prueba muy simple es apuntar la c\u00e1mara hacia una fuente de luz y activar el motor. Mirando a trav\u00e9s de la ventana por donde pasa la pel\u00edcula se puede ver la luz, a medida que el obturador abre y cierra r\u00e1pidamente.<\/p>\n<p>Muchos modelos de c\u00e1maras tienen un fot\u00f3metro autom\u00e1tico, pero ten cuidado en cuanto a si la exposici\u00f3n autom\u00e1tica est\u00e1 funcionando adecuadamente o no. Aseg\u00farate de que la exposici\u00f3n autom\u00e1tica hace el ajuste del diafragma correspondiente a la sensibilidad ASA de la pel\u00edcula que esta usando, ya que muchas c\u00e1maras s\u00f3lo aceptan dos sensibilidades y no est\u00e1n disponibles en el mercado: las pel\u00edculas 40 ASA y 160 ASA.<\/p>\n<p>Antes de cargar la pel\u00edcula en la c\u00e1mara se recomienda dar algunos golpes en el carrete contra la palma de su mano y intentar girar la pel\u00edcula para evitar que est\u00e9 bloqueada.<\/p>\n<p>Presta atenci\u00f3n a la ASA de la pel\u00edcula elegida. Las opciones aceptadas por el \u201cCorta 8\u201d para la muestra competitiva de Toma \u00danica ser\u00e1n: la pel\u00edcula en blanco y negro Kodak Tri-X que tiene 200 ASA en la luz del d\u00eda y 80 ASA cuando utilizada con iluminaci\u00f3n de tungsteno.<\/p>\n<p>La pel\u00edcula en color es Kodak Ektachrome 100D que tiene 100 ASA en la luz del d\u00eda, pero si utiliza luz de tungsteno requiere el uso de un filtro de conversi\u00f3n N \u00ba 80, lo que disminuye la sensibilidad a 25ASA. Si prefieres no usar el filtro, se distorsionar\u00e1n los colores de la pel\u00edcula, dejando la imagen rojiza. Muchas c\u00e1maras tienen un filtro amarillo n\u00ba 85 para conversi\u00f3n de color en pel\u00edculas tipo tungsteno cuando expuestas a la luz del d\u00eda. Aseg\u00farate de que el filtro no se activa a menos que desees utilizarlo.<\/p>\n<p>Es importante recordar que al utilizar una pel\u00edcula super-8 positiva, esta tiene una latitud muy baja, es decir, la cantidad de tonos entre el blanco absoluto y el negro absoluto no es superior a cinco stops. Se debe trabajar con un margen de error usando no m\u00e1s que 1,5 stop para m\u00e1s o menos al trabajar con sombras o buscar contraste. Cuando el carrete termine debe surgir una punta con la palabra \u201cExposed\u201d.<\/p>\n<p><strong>Haciendo una toma \u00fanica<\/strong><\/p>\n<p>La pel\u00edcula en toma \u00fanica debe ser rodada en un solo carrete, por lo que los cortes, que s\u00ed los hay, deben hacerse en el gatillo de la c\u00e1mara, es decir, sin edici\u00f3n posterior.<\/p>\n<p>Algunos modelos de c\u00e1maras permiten hacer las transiciones, pero la mayor\u00eda no ofrece esa posibilidad. Tambi\u00e9n se puede hacer la pel\u00edcula en plano secuencia. Algunas c\u00e1maras permiten a\u00fan la ejecuci\u00f3n cuadro a cuadro \u2013 lo que posibilita producir animaciones en stop-motion.<\/p>\n<p>Presta atenci\u00f3n en la duraci\u00f3n de la pel\u00edcula. El carrete de super-8 tiene 50 pies (15m), lo que permite rodar 3 minutos y 15 segundos \u201caproximadamente\u201d, si la velocidad de la c\u00e1mara est\u00e1 ajustada para 18 fps (frames por segundo), lo que corresponde a la menor velocidad del super-8. A 24 fps, el tiempo rodado es de, m\u00e1s o menos, 2 minutos y 40 segundos. Una opci\u00f3n es filmar en velocidades superiores para despu\u00e9s proyectarse a 18 fps, lo que resultar\u00e1 en una c\u00e1mara lenta.<\/p>\n<p>El director debe siempre comprobar con mucha atenci\u00f3n la iluminaci\u00f3n y los ajustes de apertura y enfoque. Para enfocar, utiliza una cinta m\u00e9trica, o averigua acerca de c\u00f3mo establecer correctamente la dioptr\u00eda del visor. Es igualmente recomendable medir la luz con un fot\u00f3metro manual. Una alternativa a esto es usar una c\u00e1mara fotogr\u00e1fica con fot\u00f3metro incorporado; en caso de duda acerca de la exposici\u00f3n es preferible abrir m\u00e1s el diafragma o aumentar un poco la luz que dejarla subexpuesta. Para directores con poca experiencia con super-8, se recomienda rodar la pel\u00edcula en lugares externos, a la luz del d\u00eda.<\/p>\n<p>Un buen consejo para la producci\u00f3n de banda sonora, sin saber el resultado final de la pel\u00edcula, es usar una c\u00e1mara de video digital filmando durante el rodaje con la c\u00e1mara de super-8. Filme con residuos iniciales y finales en cada escena, es posible o\u00edr el sonido del motor de la c\u00e1mara de super-8 cuando est\u00e1 rodando, por lo que es m\u00e1s f\u00e1cil saber exactamente cu\u00e1nto tiempo tiene cada escena grabada en la pel\u00edcula y se puede pensar detenidamente la manera de componer la banda sonora. Se puede planificar los di\u00e1logos, si los hay, a fin de dar secuencia a los doblajes que podr\u00e1n ser ejecutados en directo durante el festival, dando vida a la pel\u00edcula ante los ojos del p\u00fablico. Quienes prefieran, pueden apenas montar una banda sonora que se ejecutar\u00e1 en un reproductor de CD, tocado en el comienzo de la primera escena.<\/p>\n<p><strong>&nbsp;<\/strong><\/p><\/div>\n\t\t\t\t\t\t\t<\/div>\n\t\t<\/div>\n\t\t\t\t\t\t<\/div>\n\t\t\t\t<\/div>\n\t\t\t\t\t<\/div>\n\t\t<\/div>\n\t\t\t\t\t<\/div>\n\t\t<\/section>\n\t\t\t\t\t<\/div>\n\t\t<\/div>\n\t\t\t\t\t<\/div>\n\t\t<\/section>\n\t\t\t\t<\/div>\n\t\t","protected":false},"excerpt":{"rendered":"<p>Filmando em Super-8 Alguns cuidados que se deve ter quando filmar em super-8 Procure saber se a c\u00e2mera est\u00e1 em boas condi\u00e7\u00f5es de uso, se n\u00e3o tem fungo nas lentes e se o motor roda e consegue puxar o filme. Um teste bastante simples \u00e9 apontar a c\u00e2mera para uma fonte luminosa e acionar o [&hellip;]<\/p>\n","protected":false},"author":2,"featured_media":0,"parent":0,"menu_order":0,"comment_status":"closed","ping_status":"closed","template":"","meta":{"footnotes":""},"class_list":["post-3368","page","type-page","status-publish","hentry"],"_links":{"self":[{"href":"https:\/\/curta8.com.br\/index.php?rest_route=\/wp\/v2\/pages\/3368","targetHints":{"allow":["GET"]}}],"collection":[{"href":"https:\/\/curta8.com.br\/index.php?rest_route=\/wp\/v2\/pages"}],"about":[{"href":"https:\/\/curta8.com.br\/index.php?rest_route=\/wp\/v2\/types\/page"}],"author":[{"embeddable":true,"href":"https:\/\/curta8.com.br\/index.php?rest_route=\/wp\/v2\/users\/2"}],"replies":[{"embeddable":true,"href":"https:\/\/curta8.com.br\/index.php?rest_route=%2Fwp%2Fv2%2Fcomments&post=3368"}],"version-history":[{"count":10,"href":"https:\/\/curta8.com.br\/index.php?rest_route=\/wp\/v2\/pages\/3368\/revisions"}],"predecessor-version":[{"id":4147,"href":"https:\/\/curta8.com.br\/index.php?rest_route=\/wp\/v2\/pages\/3368\/revisions\/4147"}],"wp:attachment":[{"href":"https:\/\/curta8.com.br\/index.php?rest_route=%2Fwp%2Fv2%2Fmedia&parent=3368"}],"curies":[{"name":"wp","href":"https:\/\/api.w.org\/{rel}","templated":true}]}}