{"id":3440,"date":"2025-02-11T19:09:35","date_gmt":"2025-02-11T19:09:35","guid":{"rendered":"https:\/\/curta8.com.br\/?page_id=3440"},"modified":"2025-09-19T19:24:14","modified_gmt":"2025-09-19T19:24:14","slug":"home-2","status":"publish","type":"page","link":"https:\/\/curta8.com.br\/","title":{"rendered":"Home"},"content":{"rendered":"\t\t<div data-elementor-type=\"wp-page\" data-elementor-id=\"3440\" class=\"elementor elementor-3440\">\n\t\t\t\t\t\t<section class=\"elementor-section elementor-top-section elementor-element elementor-element-66ba4fe7 elementor-section-full_width elementor-section-height-default elementor-section-height-default\" data-id=\"66ba4fe7\" data-element_type=\"section\">\n\t\t\t\t\t\t<div class=\"elementor-container elementor-column-gap-default\">\n\t\t\t\t\t<div class=\"elementor-column elementor-col-100 elementor-top-column elementor-element elementor-element-4ef2ffcd\" data-id=\"4ef2ffcd\" data-element_type=\"column\">\n\t\t\t<div class=\"elementor-widget-wrap elementor-element-populated\">\n\t\t\t\t\t\t<div class=\"elementor-element elementor-element-e26c11a elementor-widget elementor-widget-spacer\" data-id=\"e26c11a\" data-element_type=\"widget\" data-widget_type=\"spacer.default\">\n\t\t\t\t<div class=\"elementor-widget-container\">\n\t\t\t\t\t\t\t<div class=\"elementor-spacer\">\n\t\t\t<div class=\"elementor-spacer-inner\"><\/div>\n\t\t<\/div>\n\t\t\t\t\t\t<\/div>\n\t\t\t\t<\/div>\n\t\t\t\t<section class=\"elementor-section elementor-inner-section elementor-element elementor-element-795dbb4a elementor-section-boxed elementor-section-height-default elementor-section-height-default\" data-id=\"795dbb4a\" data-element_type=\"section\">\n\t\t\t\t\t\t<div class=\"elementor-container elementor-column-gap-default\">\n\t\t\t\t\t<div class=\"elementor-column elementor-col-100 elementor-inner-column elementor-element elementor-element-67bc62d4\" data-id=\"67bc62d4\" data-element_type=\"column\">\n\t\t\t<div class=\"elementor-widget-wrap elementor-element-populated\">\n\t\t\t\t\t\t\t<\/div>\n\t\t<\/div>\n\t\t\t\t\t<\/div>\n\t\t<\/section>\n\t\t\t\t<section class=\"elementor-section elementor-inner-section elementor-element elementor-element-4ce10520 elementor-section-boxed elementor-section-height-default elementor-section-height-default\" data-id=\"4ce10520\" data-element_type=\"section\">\n\t\t\t\t\t\t<div class=\"elementor-container elementor-column-gap-default\">\n\t\t\t\t\t<div class=\"elementor-column elementor-col-100 elementor-inner-column elementor-element elementor-element-386c3bdd\" data-id=\"386c3bdd\" data-element_type=\"column\">\n\t\t\t<div class=\"elementor-widget-wrap elementor-element-populated\">\n\t\t\t\t\t\t<div class=\"elementor-element elementor-element-3e0f84e9 elementor-tabs-view-horizontal elementor-widget elementor-widget-tabs\" data-id=\"3e0f84e9\" data-element_type=\"widget\" data-widget_type=\"tabs.default\">\n\t\t\t\t<div class=\"elementor-widget-container\">\n\t\t\t\t\t\t\t<div class=\"elementor-tabs\">\n\t\t\t<div class=\"elementor-tabs-wrapper\" role=\"tablist\" >\n\t\t\t\t\t\t\t\t\t<div id=\"elementor-tab-title-1041\" class=\"elementor-tab-title elementor-tab-desktop-title\" aria-selected=\"true\" data-tab=\"1\" role=\"tab\" tabindex=\"0\" aria-controls=\"elementor-tab-content-1041\" aria-expanded=\"false\"><img decoding=\"async\" src=\"https:\/\/curta8.com.br\/wp-content\/uploads\/2022\/08\/portugues.png\" \/><\/div>\n\t\t\t\t\t\t\t\t\t<div id=\"elementor-tab-title-1042\" class=\"elementor-tab-title elementor-tab-desktop-title\" aria-selected=\"false\" data-tab=\"2\" role=\"tab\" tabindex=\"-1\" aria-controls=\"elementor-tab-content-1042\" aria-expanded=\"false\"><img decoding=\"async\" src=\"https:\/\/curta8.com.br\/wp-content\/uploads\/2022\/08\/ingles.png\" \/><\/div>\n\t\t\t\t\t\t\t\t\t<div id=\"elementor-tab-title-1043\" class=\"elementor-tab-title elementor-tab-desktop-title\" aria-selected=\"false\" data-tab=\"3\" role=\"tab\" tabindex=\"-1\" aria-controls=\"elementor-tab-content-1043\" aria-expanded=\"false\"><img decoding=\"async\" src=\"https:\/\/curta8.com.br\/wp-content\/uploads\/2022\/08\/espanhol.png\" \/><\/div>\n\t\t\t\t\t\t\t<\/div>\n\t\t\t<div class=\"elementor-tabs-content-wrapper\" role=\"tablist\" aria-orientation=\"vertical\">\n\t\t\t\t\t\t\t\t\t<div class=\"elementor-tab-title elementor-tab-mobile-title\" aria-selected=\"true\" data-tab=\"1\" role=\"tab\" tabindex=\"0\" aria-controls=\"elementor-tab-content-1041\" aria-expanded=\"false\"><img decoding=\"async\" src=\"https:\/\/curta8.com.br\/wp-content\/uploads\/2022\/08\/portugues.png\" \/><\/div>\n\t\t\t\t\t<div id=\"elementor-tab-content-1041\" class=\"elementor-tab-content elementor-clearfix\" data-tab=\"1\" role=\"tabpanel\" aria-labelledby=\"elementor-tab-title-1041\" tabindex=\"0\" hidden=\"false\"><h1 style=\"font-size: 45px; line-height: 40px; font-weight: 800; color: black;\">Sobre o<br \/>Festival<\/h1><p><strong>EDI\u00c7\u00c3O 2025<\/strong><\/p><p>O\u00a0<strong>Curta 8 \u2013 Festival Internacional de Cinema Super 8 de Curitiba<\/strong>\u00a0chega a sua 20\u00aa edi\u00e7\u00e3o, em 2025. Este ano o Festival acontecer\u00e1 entre os dias\u00a0<strong>11 e 14 de setembro<\/strong>, no\u00a0<strong>Teatro da CAIXA Cultural Curitiba<\/strong>. As inscri\u00e7\u00f5es est\u00e3o abertas, tanto para a\u00a0<strong>Oficina de Tomada \u00danica<\/strong>, como tamb\u00e9m para as\u00a0<strong>Mostras Competitivas<\/strong>. Confira os detalhes e prazos na aba\u00a0<strong>Regulamento<\/strong>.<\/p><p>O Curta 8 tem a coordena\u00e7\u00e3o geral de Antonio Carlos Domingues, curadoria de F\u00e1bio Allon, produ\u00e7\u00e3o de Adriano Esturilho, dire\u00e7\u00e3o de proje\u00e7\u00e3o de Lucas Vega e oficina conduzida por Pedro Merege.<\/p><p>O festival \u00e9 uma realiza\u00e7\u00e3o da\u00a0<strong>PERFIL comunica\u00e7\u00e3o e cultura<\/strong>\u00a0e da\u00a0<strong>Processo MultiArtes<\/strong>, que conta com os apoios da\u00a0<strong>Eye See Films<\/strong>\u00a0e da\u00a0<strong>Runner Filme<\/strong>s, e patroc\u00ednio da\u00a0<strong>Caixa Econ\u00f4mica Federal<\/strong>.<\/p><p><strong>\u00a0<\/strong><\/p><\/div>\n\t\t\t\t\t\t\t\t\t<div class=\"elementor-tab-title elementor-tab-mobile-title\" aria-selected=\"false\" data-tab=\"2\" role=\"tab\" tabindex=\"-1\" aria-controls=\"elementor-tab-content-1042\" aria-expanded=\"false\"><img decoding=\"async\" src=\"https:\/\/curta8.com.br\/wp-content\/uploads\/2022\/08\/ingles.png\" \/><\/div>\n\t\t\t\t\t<div id=\"elementor-tab-content-1042\" class=\"elementor-tab-content elementor-clearfix\" data-tab=\"2\" role=\"tabpanel\" aria-labelledby=\"elementor-tab-title-1042\" tabindex=\"0\" hidden=\"hidden\"><h1 style=\"font-size: 45px; line-height: 40px; font-weight: 800; color: black;\">About the<br \/>Festival<\/h1><p><strong>\u00a0<\/strong><\/p><p><strong>EDITION 2025<\/strong><\/p><p><strong>Short 8 \u2013 Super 8 International Film Festival in Curitiba<\/strong>\u00a0comes of in your 20th edition, in 2025. This year the Festival will take place between the 11th and 14th of September, at the\u00a0<strong>Teatro of CAIXA Cultural\u00a0Curitiba<\/strong>.\u00a0Registration is open, both for the\u00a0<strong>Single-Take Workshop<\/strong>\u00a0and for the\u00a0<strong>Competitive Exhibition<\/strong>s. Check the details and deadlines in the Regulations tab.<\/p><p>Short 8 is coordinated by Antonio Carlos Domingues, curated by F\u00e1bio Allon, produced by Adriano Esturilho, projection directed by Lucas Vega and workshop by Pedro Merege.<\/p><p>The festival is a realization of\u00a0<strong>PERFIL communication and culture<\/strong>\u00a0and the\u00a0<strong>MultiArtes Processo<\/strong>, which has the support of\u00a0<strong>Eye See Films<\/strong>\u00a0and\u00a0<strong>Runner Film<\/strong>es, and sponsorship from\u00a0<strong>Caixa Econ\u00f4mica Federal<\/strong>.<\/p><p><strong>\u00a0<\/strong><\/p><\/div>\n\t\t\t\t\t\t\t\t\t<div class=\"elementor-tab-title elementor-tab-mobile-title\" aria-selected=\"false\" data-tab=\"3\" role=\"tab\" tabindex=\"-1\" aria-controls=\"elementor-tab-content-1043\" aria-expanded=\"false\"><img decoding=\"async\" src=\"https:\/\/curta8.com.br\/wp-content\/uploads\/2022\/08\/espanhol.png\" \/><\/div>\n\t\t\t\t\t<div id=\"elementor-tab-content-1043\" class=\"elementor-tab-content elementor-clearfix\" data-tab=\"3\" role=\"tabpanel\" aria-labelledby=\"elementor-tab-title-1043\" tabindex=\"0\" hidden=\"hidden\"><h1 style=\"font-size: 45px; line-height: 40px; font-weight: 800; color: black;\">Sobre el<br \/>Festival<\/h1><p><strong>\u00a0<\/strong><\/p><p><strong>EDICI\u00d3N 2025<\/strong><\/p><p><strong>Curta 8 \u2013 Festival Internacional de Cine Super 8 de Curitiba<\/strong>\u00a0llega a su 20\u00aa edici\u00f3n, en 2025. Este a\u00f1o el Festival se llevar\u00e1 a cabo entre el\u00a0<strong>11 y 14 de septiembre<\/strong>, en el\u00a0<strong>Teatro de la CAIXA Cultural Curitiba<\/strong>. Las inscripciones est\u00e1n abiertas, tanto para el\u00a0<strong>Taller Toma \u00danica<\/strong>, como para las\u00a0<strong>Exposiciones Competitivas<\/strong>. Consulta los detalles y plazos en la pesta\u00f1a Regulaci\u00f3n.<\/p><p>Curta 8 cuenta con la coordinaci\u00f3n general de Antonio Carlos Domingues, curaci\u00f3n de F\u00e1bio Allon, producci\u00f3n por Adriano Esturilho, proyectada por Lucas Vega y un taller realizado por Pedro Merege.<\/p><p>El festival es una realizaci\u00f3n de\u00a0<strong>PERFIL comunicaci\u00f3n y cultura<\/strong>\u00a0y de\u00a0<strong>Proceso MultiArtes<\/strong>, que cuenta con el apoyo de\u00a0<strong>Eye See Films<\/strong>\u00a0y\u00a0<strong>Runner Filmes<\/strong>, y el patrocinio de\u00a0<strong>Caixa Econ\u00f4mica Federal<\/strong>.<\/p><p><strong>\u00a0<\/strong><\/p><\/div>\n\t\t\t\t\t\t\t<\/div>\n\t\t<\/div>\n\t\t\t\t\t\t<\/div>\n\t\t\t\t<\/div>\n\t\t\t\t<div class=\"elementor-element elementor-element-2205cff7 elementor-widget elementor-widget-heading\" data-id=\"2205cff7\" data-element_type=\"widget\" data-widget_type=\"heading.default\">\n\t\t\t\t<div class=\"elementor-widget-container\">\n\t\t\t\t\t<h2 class=\"elementor-heading-title elementor-size-default\">Nosso Blog<\/h2>\t\t\t\t<\/div>\n\t\t\t\t<\/div>\n\t\t\t\t<div class=\"elementor-element elementor-element-1dea763b elementor-grid-3 elementor-grid-tablet-2 elementor-grid-mobile-1 elementor-posts--thumbnail-top elementor-posts--show-avatar elementor-card-shadow-yes elementor-posts__hover-gradient load-more-align-center elementor-widget elementor-widget-posts\" data-id=\"1dea763b\" data-element_type=\"widget\" data-settings=\"{&quot;pagination_type&quot;:&quot;load_more_on_click&quot;,&quot;cards_row_gap&quot;:{&quot;unit&quot;:&quot;px&quot;,&quot;size&quot;:20,&quot;sizes&quot;:[]},&quot;cards_columns&quot;:&quot;3&quot;,&quot;cards_columns_tablet&quot;:&quot;2&quot;,&quot;cards_columns_mobile&quot;:&quot;1&quot;,&quot;cards_row_gap_tablet&quot;:{&quot;unit&quot;:&quot;px&quot;,&quot;size&quot;:&quot;&quot;,&quot;sizes&quot;:[]},&quot;cards_row_gap_mobile&quot;:{&quot;unit&quot;:&quot;px&quot;,&quot;size&quot;:&quot;&quot;,&quot;sizes&quot;:[]},&quot;load_more_spinner&quot;:{&quot;value&quot;:&quot;fas fa-spinner&quot;,&quot;library&quot;:&quot;fa-solid&quot;}}\" data-widget_type=\"posts.cards\">\n\t\t\t\t<div class=\"elementor-widget-container\">\n\t\t\t\t\t\t\t<div class=\"elementor-posts-container elementor-posts elementor-posts--skin-cards elementor-grid\">\n\t\t\t\t<article class=\"elementor-post elementor-grid-item post-4168 post type-post status-publish format-standard has-post-thumbnail hentry category-noticias\">\n\t\t\t<div class=\"elementor-post__card\">\n\t\t\t\t<a class=\"elementor-post__thumbnail__link\" href=\"https:\/\/curta8.com.br\/?p=4168\" ><div class=\"elementor-post__thumbnail\"><img fetchpriority=\"high\" decoding=\"async\" width=\"800\" height=\"800\" src=\"https:\/\/curta8.com.br\/wp-content\/uploads\/curta-8-2025-capa-site-1080x1080px-1024x1024.png\" class=\"attachment-large size-large wp-image-4068\" alt=\"\" srcset=\"https:\/\/curta8.com.br\/wp-content\/uploads\/curta-8-2025-capa-site-1080x1080px-1024x1024.png 1024w, https:\/\/curta8.com.br\/wp-content\/uploads\/curta-8-2025-capa-site-1080x1080px-300x300.png 300w, https:\/\/curta8.com.br\/wp-content\/uploads\/curta-8-2025-capa-site-1080x1080px-150x150.png 150w, https:\/\/curta8.com.br\/wp-content\/uploads\/curta-8-2025-capa-site-1080x1080px-768x768.png 768w, https:\/\/curta8.com.br\/wp-content\/uploads\/curta-8-2025-capa-site-1080x1080px.png 1080w\" sizes=\"(max-width: 800px) 100vw, 800px\" \/><\/div><\/a>\n\t\t\t\t<div class=\"elementor-post__badge\">Not\u00edcias<\/div>\n\t\t\t\t<div class=\"elementor-post__avatar\">\n\t\t\t<img alt='Curta 8' src='https:\/\/secure.gravatar.com\/avatar\/8a7226e7b63a06d3b907fd58923c5ecd?s=128&#038;d=mm&#038;r=g' srcset='https:\/\/secure.gravatar.com\/avatar\/8a7226e7b63a06d3b907fd58923c5ecd?s=256&#038;d=mm&#038;r=g 2x' class='avatar avatar-128 photo' height='128' width='128' \/>\t\t<\/div>\n\t\t\t\t<div class=\"elementor-post__text\">\n\t\t\t\t<h3 class=\"elementor-post__title\">\n\t\t\t<a href=\"https:\/\/curta8.com.br\/?p=4168\" >\n\t\t\t\tCONHE\u00c7A OS PREMIADOS DA 20\u00aa EDI\u00c7\u00c3O DO CURTA\t\t\t<\/a>\n\t\t<\/h3>\n\t\t\n\t\t<a class=\"elementor-post__read-more\" href=\"https:\/\/curta8.com.br\/?p=4168\" >\n\t\t\tLeia mais \u00bb\t\t<\/a>\n\n\t\t\t\t<\/div>\n\t\t\t\t<div class=\"elementor-post__meta-data\">\n\t\t\t\t\t<span class=\"elementor-post-author\">\n\t\t\tCurta 8\t\t<\/span>\n\t\t\t\t<span class=\"elementor-post-date\">\n\t\t\tsetembro 19, 2025\t\t<\/span>\n\t\t\t\t<\/div>\n\t\t\t\t\t<\/div>\n\t\t<\/article>\n\t\t\t\t<article class=\"elementor-post elementor-grid-item post-3663 post type-post status-publish format-standard hentry category-noticias\">\n\t\t\t<div class=\"elementor-post__card\">\n\t\t\t\t<div class=\"elementor-post__text\">\n\t\t\t\t<h3 class=\"elementor-post__title\">\n\t\t\t<a href=\"https:\/\/curta8.com.br\/?p=3663\" >\n\t\t\t\tConfira os premiados do CURTA 8 2023\t\t\t<\/a>\n\t\t<\/h3>\n\t\t\n\t\t<a class=\"elementor-post__read-more\" href=\"https:\/\/curta8.com.br\/?p=3663\" >\n\t\t\tLeia mais \u00bb\t\t<\/a>\n\n\t\t\t\t<\/div>\n\t\t\t\t<div class=\"elementor-post__meta-data\">\n\t\t\t\t\t<span class=\"elementor-post-author\">\n\t\t\tCurta 8\t\t<\/span>\n\t\t\t\t<span class=\"elementor-post-date\">\n\t\t\tfevereiro 12, 2025\t\t<\/span>\n\t\t\t\t<\/div>\n\t\t\t\t\t<\/div>\n\t\t<\/article>\n\t\t\t\t<article class=\"elementor-post elementor-grid-item post-3447 post type-post status-publish format-standard hentry category-noticias category-uncategorized\">\n\t\t\t<div class=\"elementor-post__card\">\n\t\t\t\t<div class=\"elementor-post__text\">\n\t\t\t\t<h3 class=\"elementor-post__title\">\n\t\t\t<a href=\"https:\/\/curta8.com.br\/?p=3447\" >\n\t\t\t\tCONFIRA OS FILMES SELECIONADOS PARA O CURTA 8 2023\t\t\t<\/a>\n\t\t<\/h3>\n\t\t\n\t\t<a class=\"elementor-post__read-more\" href=\"https:\/\/curta8.com.br\/?p=3447\" >\n\t\t\tLeia mais \u00bb\t\t<\/a>\n\n\t\t\t\t<\/div>\n\t\t\t\t<div class=\"elementor-post__meta-data\">\n\t\t\t\t\t<span class=\"elementor-post-author\">\n\t\t\tCurta 8\t\t<\/span>\n\t\t\t\t<span class=\"elementor-post-date\">\n\t\t\tfevereiro 11, 2025\t\t<\/span>\n\t\t\t\t<\/div>\n\t\t\t\t\t<\/div>\n\t\t<\/article>\n\t\t\t\t<\/div>\n\n\n\t\t\t\t\t<span class=\"e-load-more-spinner\">\n\t\t\t\t<i aria-hidden=\"true\" class=\"fas fa-spinner\"><\/i>\t\t\t<\/span>\n\t\t\n\t\t\t\t<div class=\"e-load-more-anchor\" data-page=\"1\" data-max-page=\"25\" data-next-page=\"https:\/\/curta8.com.br\/index.php?rest_route=%2Fwp%2Fv2%2Fpages%2F3440&#038;paged=2\"><\/div>\n\t\t\t\t<div class=\"elementor-button-wrapper\">\n\t\t\t<a href=\"#\" class=\"elementor-button-link elementor-button\" role=\"button\">\n\t\t\t\t\t\t<span class=\"elementor-button-content-wrapper\">\n\t\t\t\t\t\t\t<span class=\"elementor-button-icon elementor-align-icon-left\">\n\t\t\t\t<i aria-hidden=\"true\" class=\"far fa-arrow-alt-circle-down\"><\/i>\t\t\t<\/span>\n\t\t\t\t\t\t<span class=\"elementor-button-text\">Ver Mais<\/span>\n\t\t<\/span>\n\t\t\t\t\t<\/a>\n\t\t<\/div>\n\t\t\t\t<div class=\"e-load-more-message\"><\/div>\n\t\t\t\t\t\t<\/div>\n\t\t\t\t<\/div>\n\t\t\t\t\t<\/div>\n\t\t<\/div>\n\t\t\t\t\t<\/div>\n\t\t<\/section>\n\t\t\t\t\t<\/div>\n\t\t<\/div>\n\t\t\t\t\t<\/div>\n\t\t<\/section>\n\t\t\t\t<\/div>\n\t\t","protected":false},"excerpt":{"rendered":"<p>Sobre oFestival EDI\u00c7\u00c3O 2025 O\u00a0Curta 8 \u2013 Festival Internacional de Cinema Super 8 de Curitiba\u00a0chega a sua 20\u00aa edi\u00e7\u00e3o, em 2025. Este ano o Festival<\/p>\n","protected":false},"author":2,"featured_media":0,"parent":0,"menu_order":0,"comment_status":"closed","ping_status":"closed","template":"elementor_header_footer","meta":{"footnotes":""},"class_list":["post-3440","page","type-page","status-publish","hentry"],"_links":{"self":[{"href":"https:\/\/curta8.com.br\/index.php?rest_route=\/wp\/v2\/pages\/3440","targetHints":{"allow":["GET"]}}],"collection":[{"href":"https:\/\/curta8.com.br\/index.php?rest_route=\/wp\/v2\/pages"}],"about":[{"href":"https:\/\/curta8.com.br\/index.php?rest_route=\/wp\/v2\/types\/page"}],"author":[{"embeddable":true,"href":"https:\/\/curta8.com.br\/index.php?rest_route=\/wp\/v2\/users\/2"}],"replies":[{"embeddable":true,"href":"https:\/\/curta8.com.br\/index.php?rest_route=%2Fwp%2Fv2%2Fcomments&post=3440"}],"version-history":[{"count":105,"href":"https:\/\/curta8.com.br\/index.php?rest_route=\/wp\/v2\/pages\/3440\/revisions"}],"predecessor-version":[{"id":4160,"href":"https:\/\/curta8.com.br\/index.php?rest_route=\/wp\/v2\/pages\/3440\/revisions\/4160"}],"wp:attachment":[{"href":"https:\/\/curta8.com.br\/index.php?rest_route=%2Fwp%2Fv2%2Fmedia&parent=3440"}],"curies":[{"name":"wp","href":"https:\/\/api.w.org\/{rel}","templated":true}]}}